{"id":144,"date":"2020-03-20T13:30:31","date_gmt":"2020-03-20T12:30:31","guid":{"rendered":"http:\/\/fotowoltaika-rs.pl\/?page_id=144"},"modified":"2026-02-03T15:12:47","modified_gmt":"2026-02-03T14:12:47","slug":"wniosek-o-dofinansowanie","status":"publish","type":"page","link":"https:\/\/fotowoltaika-rs.pl\/index.php\/wniosek-o-dofinansowanie\/","title":{"rendered":"Wnioski o dofinansowanie"},"content":{"rendered":"\n<p class=\"wp-block-paragraph\">Link do strony informacyjnej na &#8222;Warszawskie Ekodotacje na instalacje OZE&#8221;:<\/p>\n\n\n\n<p class=\"wp-block-paragraph\"><a href=\"https:\/\/eko.um.warszawa.pl\/instalacje-oze\">https:\/\/eko.um.warszawa.pl\/instalacje-oze<\/a><\/p>\n\n\n\n<p class=\"wp-block-paragraph\">A nast\u0119pnie link do strony na kt\u00f3rej mo\u017cna z\u0142o\u017cy\u0107 wniosek elektronicznie podpisuj\u0105c go profilem zaufanym:<\/p>\n\n\n\n<p class=\"wp-block-paragraph\"><a href=\"https:\/\/moja.warszawa19115.pl\/dofinansowanie-do-lokalnych-zrodel-energii-odnawialnej#\/\">https:\/\/moja.warszawa19115.pl\/dofinansowanie-do-lokalnych-zrodel-energii-odnawialnej#\/ <\/a><\/p>\n\n\n\n<p class=\"wp-block-paragraph\"><\/p>\n\n\n\n<p class=\"wp-block-paragraph\">Link do strony informacyjnej na &#8222;Warszawskie Ekodotacje na modernizacj\u0119 kot\u0142owni&#8221;:<\/p>\n\n\n\n<p class=\"wp-block-paragraph\"><a href=\"https:\/\/eko.um.warszawa.pl\/modernizacja-kotlowni\">https:\/\/eko.um.warszawa.pl\/modernizacja-kotlowni<\/a><\/p>\n\n\n\n<p class=\"wp-block-paragraph\">A nast\u0119pnie link do strony na kt\u00f3rej mo\u017cna z\u0142o\u017cy\u0107 wniosek elektronicznie podpisuj\u0105c go profilem zaufanym:<\/p>\n\n\n\n<p class=\"wp-block-paragraph\"><a href=\"https:\/\/moja.warszawa19115.pl\/dofinansowanie-do-wymiany-zrodla-ogrzewania#\">https:\/\/moja.warszawa19115.pl\/dofinansowanie-do-wymiany-zrodla-ogrzewania#<\/a><\/p>\n\n\n\n<p class=\"wp-block-paragraph\"><\/p>\n","protected":false},"excerpt":{"rendered":"<p>Link do strony informacyjnej na &#8222;Warszawskie Ekodotacje na instalacje OZE&#8221;: https:\/\/eko.um.warszawa.pl\/instalacje-oze A nast\u0119pnie link do strony na kt\u00f3rej mo\u017cna z\u0142o\u017cy\u0107 wniosek elektronicznie podpisuj\u0105c go profilem zaufanym: https:\/\/moja.warszawa19115.pl\/dofinansowanie-do-lokalnych-zrodel-energii-odnawialnej#\/ Link do strony informacyjnej na &#8222;Warszawskie Ekodotacje na modernizacj\u0119 kot\u0142owni&#8221;: https:\/\/eko.um.warszawa.pl\/modernizacja-kotlowni A nast\u0119pnie link do strony na kt\u00f3rej mo\u017cna z\u0142o\u017cy\u0107 wniosek elektronicznie podpisuj\u0105c go profilem zaufanym: https:\/\/moja.warszawa19115.pl\/dofinansowanie-do-wymiany-zrodla-ogrzewania#<\/p>\n","protected":false},"author":1,"featured_media":0,"parent":0,"menu_order":0,"comment_status":"closed","ping_status":"closed","template":"","meta":{"_crdt_document":"","footnotes":""},"class_list":["post-144","page","type-page","status-publish","hentry"],"_links":{"self":[{"href":"https:\/\/fotowoltaika-rs.pl\/index.php\/wp-json\/wp\/v2\/pages\/144","targetHints":{"allow":["GET"]}}],"collection":[{"href":"https:\/\/fotowoltaika-rs.pl\/index.php\/wp-json\/wp\/v2\/pages"}],"about":[{"href":"https:\/\/fotowoltaika-rs.pl\/index.php\/wp-json\/wp\/v2\/types\/page"}],"author":[{"embeddable":true,"href":"https:\/\/fotowoltaika-rs.pl\/index.php\/wp-json\/wp\/v2\/users\/1"}],"replies":[{"embeddable":true,"href":"https:\/\/fotowoltaika-rs.pl\/index.php\/wp-json\/wp\/v2\/comments?post=144"}],"version-history":[{"count":9,"href":"https:\/\/fotowoltaika-rs.pl\/index.php\/wp-json\/wp\/v2\/pages\/144\/revisions"}],"predecessor-version":[{"id":204,"href":"https:\/\/fotowoltaika-rs.pl\/index.php\/wp-json\/wp\/v2\/pages\/144\/revisions\/204"}],"wp:attachment":[{"href":"https:\/\/fotowoltaika-rs.pl\/index.php\/wp-json\/wp\/v2\/media?parent=144"}],"curies":[{"name":"wp","href":"https:\/\/api.w.org\/{rel}","templated":true}]}}