{"id":21,"date":"2018-01-06T00:23:55","date_gmt":"2018-01-05T23:23:55","guid":{"rendered":"http:\/\/fotowoltaika-rs.pl\/?page_id=21"},"modified":"2018-01-08T13:25:39","modified_gmt":"2018-01-08T12:25:39","slug":"kontakt","status":"publish","type":"page","link":"https:\/\/fotowoltaika-rs.pl\/index.php\/kontakt\/","title":{"rendered":"Kontakt"},"content":{"rendered":"<h5>Fotowoltaika RS<\/h5>\n<p><strong>ul. Antenowa 35<\/strong><\/p>\n<p><strong>04-656 Warszawa<\/strong><\/p>\n<h4><\/h4>\n<h4><a href=\"mailto:biuro@fotowoltaika-rs.pl\">biuro@fotowoltaika-rs.pl<\/a><\/h4>\n<h5><\/h5>\n<h5>Dzia\u0142 handlowy:<\/h5>\n<h4>Rados\u0142aw \u0141uczak<\/h4>\n<h4>Tel.\/+48\/ 606 627 194<\/h4>\n<h3><\/h3>\n<h5>Dzia\u0142 techniczny:<\/h5>\n<h4>Stanis\u0142aw Frydrych<\/h4>\n<h4>Tel.\/+48\/667 524 538<\/h4>\n<h4><\/h4>\n","protected":false},"excerpt":{"rendered":"<p>Fotowoltaika RS ul. Antenowa 35 04-656 Warszawa biuro@fotowoltaika-rs.pl Dzia\u0142 handlowy: Rados\u0142aw \u0141uczak Tel.\/+48\/ 606 627 194 Dzia\u0142 techniczny: Stanis\u0142aw Frydrych Tel.\/+48\/667 524 538<\/p>\n","protected":false},"author":1,"featured_media":0,"parent":0,"menu_order":0,"comment_status":"closed","ping_status":"closed","template":"","meta":{"_crdt_document":"","footnotes":""},"class_list":["post-21","page","type-page","status-publish","hentry"],"_links":{"self":[{"href":"https:\/\/fotowoltaika-rs.pl\/index.php\/wp-json\/wp\/v2\/pages\/21","targetHints":{"allow":["GET"]}}],"collection":[{"href":"https:\/\/fotowoltaika-rs.pl\/index.php\/wp-json\/wp\/v2\/pages"}],"about":[{"href":"https:\/\/fotowoltaika-rs.pl\/index.php\/wp-json\/wp\/v2\/types\/page"}],"author":[{"embeddable":true,"href":"https:\/\/fotowoltaika-rs.pl\/index.php\/wp-json\/wp\/v2\/users\/1"}],"replies":[{"embeddable":true,"href":"https:\/\/fotowoltaika-rs.pl\/index.php\/wp-json\/wp\/v2\/comments?post=21"}],"version-history":[{"count":14,"href":"https:\/\/fotowoltaika-rs.pl\/index.php\/wp-json\/wp\/v2\/pages\/21\/revisions"}],"predecessor-version":[{"id":76,"href":"https:\/\/fotowoltaika-rs.pl\/index.php\/wp-json\/wp\/v2\/pages\/21\/revisions\/76"}],"wp:attachment":[{"href":"https:\/\/fotowoltaika-rs.pl\/index.php\/wp-json\/wp\/v2\/media?parent=21"}],"curies":[{"name":"wp","href":"https:\/\/api.w.org\/{rel}","templated":true}]}}